{"id":191,"date":"2025-03-22T07:45:38","date_gmt":"2025-03-22T07:45:38","guid":{"rendered":"https:\/\/heurekamd.pl\/index.php\/sklep\/"},"modified":"2025-03-22T10:01:42","modified_gmt":"2025-03-22T10:01:42","slug":"sklep","status":"publish","type":"page","link":"https:\/\/heurekamd.pl\/?page_id=191","title":{"rendered":"Sklep"},"content":{"rendered":"<p>[et_pb_section fb_built=&#8221;1&#8243; theme_builder_area=&#8221;post_content&#8221; _builder_version=&#8221;4.23.1&#8243; _module_preset=&#8221;default&#8221; background_color=&#8221;#bdd748&#8243; hover_enabled=&#8221;0&#8243; sticky_enabled=&#8221;0&#8243;][et_pb_row _builder_version=&#8221;4.23.1&#8243; _module_preset=&#8221;default&#8221; column_structure=&#8221;1_3,2_3&#8243; theme_builder_area=&#8221;post_content&#8221;][et_pb_column _builder_version=&#8221;4.23.1&#8243; _module_preset=&#8221;default&#8221; type=&#8221;1_3&#8243; theme_builder_area=&#8221;post_content&#8221;][et_pb_image src=&#8221;https:\/\/heurekamd.pl\/wp-content\/uploads\/2025\/03\/Mockup_Pasja_3_MD-3.png&#8221; _builder_version=&#8221;4.23.1&#8243; _module_preset=&#8221;default&#8221; title_text=&#8221;Mockup_Pasja_3_MD (3)&#8221; hover_enabled=&#8221;0&#8243; sticky_enabled=&#8221;0&#8243; theme_builder_area=&#8221;post_content&#8221;][\/et_pb_image][\/et_pb_column][et_pb_column _builder_version=&#8221;4.23.1&#8243; _module_preset=&#8221;default&#8221; type=&#8221;2_3&#8243; theme_builder_area=&#8221;post_content&#8221;][et_pb_text _builder_version=&#8221;4.23.1&#8243; _module_preset=&#8221;default&#8221; hover_enabled=&#8221;0&#8243; sticky_enabled=&#8221;0&#8243; header_2_font=&#8221;Poppins|200||on|||||&#8221; header_2_font_size=&#8221;20px&#8221; header_font=&#8221;Poppins|300|||||||&#8221; theme_builder_area=&#8221;post_content&#8221; header_text_color=&#8221;#FFFFFF&#8221;]<\/p>\n<h2>PASJA &#8211; praca zbiorowa<\/h2>\n<h1><\/h1>\n<p>[\/et_pb_text][et_pb_text _builder_version=&#8221;4.23.1&#8243; _module_preset=&#8221;default&#8221; theme_builder_area=&#8221;post_content&#8221; sticky_enabled=&#8221;0&#8243; header_2_font=&#8221;Poppins|200||on|||||&#8221; header_2_font_size=&#8221;20px&#8221; header_font=&#8221;Poppins|300|||||||&#8221; header_text_color=&#8221;#FFFFFF&#8221; hover_enabled=&#8221;0&#8243;]<\/p>\n<h1>Maria Dziewior<\/h1>\n<h1>Heurystyczna gra \u017cycia, <br \/>czyli jak klamerk\u0105 spi\u0105\u0107 swoje pasje?<\/h1>\n<p>[\/et_pb_text][\/et_pb_column][\/et_pb_row][\/et_pb_section][et_pb_section fb_built=&#8221;1&#8243; _builder_version=&#8221;4.23.1&#8243; _module_preset=&#8221;default&#8221; global_colors_info=&#8221;{}&#8221;][et_pb_row _builder_version=&#8221;4.23.1&#8243; _module_preset=&#8221;default&#8221; global_colors_info=&#8221;{}&#8221;][et_pb_column type=&#8221;4_4&#8243; _builder_version=&#8221;4.23.1&#8243; _module_preset=&#8221;default&#8221; global_colors_info=&#8221;{}&#8221;][et_pb_text _builder_version=&#8221;4.23.1&#8243; _module_preset=&#8221;default&#8221; text_font=&#8221;|600|||||||&#8221; text_font_size=&#8221;22px&#8221; text_letter_spacing=&#8221;1px&#8221; text_line_height=&#8221;1.8em&#8221; text_orientation=&#8221;center&#8221; hover_enabled=&#8221;0&#8243; global_colors_info=&#8221;{}&#8221; text_font_size_last_edited=&#8221;on|phone&#8221; text_font_size_phone=&#8221;14px&#8221; sticky_enabled=&#8221;0&#8243; text_font_size_tablet=&#8221;22px&#8221;]<\/p>\n<p class=\"bde-heading-72-314 bde-heading\"><strong>&#8222;Pasja&#8221;<\/strong> ju\u017c 25.03.2025! Zam\u00f3w przedpremierowo ze zni\u017ck\u0105!<br \/><strong>Wszystkie zam\u00f3wienia z\u0142o\u017cone przed premier\u0105 s\u0105 obj\u0119te specjaln\u0105 zni\u017ck\u0105!<\/strong> &#x1f680;&#x1f4d6;<br \/>Wysy\u0142ka rozpocznie si\u0119 po 25 marca 2025 \u2013 zam\u00f3w ju\u017c teraz i b\u0105d\u017a w\u015br\u00f3d pierwszych, kt\u00f3rzy otrzymaj\u0105 ksi\u0105\u017ck\u0119!<\/p>\n<p>[\/et_pb_text][\/et_pb_column][\/et_pb_row][et_pb_row column_structure=&#8221;2_5,3_5&#8243; _builder_version=&#8221;4.23.1&#8243; _module_preset=&#8221;default&#8221; global_colors_info=&#8221;{}&#8221;][et_pb_column type=&#8221;2_5&#8243; _builder_version=&#8221;4.23.1&#8243; _module_preset=&#8221;default&#8221; global_colors_info=&#8221;{}&#8221;][et_pb_text _builder_version=&#8221;4.23.1&#8243; _module_preset=&#8221;default&#8221; header_2_font=&#8221;|700|||||||&#8221; header_2_font_size=&#8221;35px&#8221; global_colors_info=&#8221;{}&#8221;]<\/p>\n<h2>Odkryj si\u0142\u0119 PASJI<\/h2>\n<p>[\/et_pb_text][et_pb_text _builder_version=&#8221;4.23.1&#8243; _module_preset=&#8221;default&#8221; text_font_size=&#8221;16px&#8221; hover_enabled=&#8221;0&#8243; global_colors_info=&#8221;{}&#8221; text_font_size_last_edited=&#8221;on|phone&#8221; text_font_size_phone=&#8221;13px&#8221; sticky_enabled=&#8221;0&#8243; text_font_size_tablet=&#8221;16px&#8221;]<\/p>\n<p>Czy wiesz, co naprawd\u0119 Ci\u0119 nap\u0119dza? Co sprawia, \u017ce zapominasz o up\u0142ywie czasu, \u017ce czujesz ekscytacj\u0119 na my\u015bl o dzia\u0142aniu? Pasja, to ona oddziela tych, kt\u00f3rzy snuj\u0105 marzenia, od tych, kt\u00f3rzy codziennie je realizuj\u0105.<\/p>\n<p><strong>\u201ePASJA\u201d<\/strong><span>\u00a0<\/span>to niezwyk\u0142a ksi\u0105\u017cka dla ludzi z iskr\u0105 w sercu. Dla tych, kt\u00f3rzy nie chc\u0105 prze\u017cy\u0107 \u017cycia na p\u00f3\u0142 gwizdka.<span>\u00a0<\/span><strong>Brian Tracy, Maria Dziewior, Sebastian Kotow, i 26 autor\u00f3w<\/strong><span>\u00a0<\/span>\u2013 ekspert\u00f3w, przedsi\u0119biorc\u00f3w, lider\u00f3w, pasjonat\u00f3w \u2013 dzieli si\u0119 swoj\u0105 drog\u0105, b\u0142\u0119dami, sukcesami i strategiami, kt\u00f3re pomog\u0142y im przeku\u0107 pasj\u0119 w rzeczywisto\u015b\u0107.<\/p>\n<p>[\/et_pb_text][et_pb_wc_add_to_cart _builder_version=&#8221;4.23.1&#8243; _module_preset=&#8221;default&#8221; product=&#8221;258&#8243; show_quantity=&#8221;off&#8221; show_stock=&#8221;off&#8221; custom_button=&#8221;on&#8221; button_bg_color=&#8221;#bdd748&#8243; button_bg_enable_color=&#8221;on&#8221; button_text_color=&#8221;#FFFFFF&#8221; hover_enabled=&#8221;0&#8243; sticky_enabled=&#8221;0&#8243; text_orientation=&#8221;center&#8221;][\/et_pb_wc_add_to_cart][\/et_pb_column][et_pb_column type=&#8221;3_5&#8243; _builder_version=&#8221;4.23.1&#8243; _module_preset=&#8221;default&#8221; global_colors_info=&#8221;{}&#8221;][et_pb_image src=&#8221;https:\/\/heurekamd.pl\/wp-content\/uploads\/2025\/03\/Mockup_Pasja_3_MD-3-1.png&#8221; alt=&#8221;Ksi\u0105\u017cka Maria Dziewior PASJA&#8221; title_text=&#8221;Pasja Maria Dziewior&#8221; _builder_version=&#8221;4.23.1&#8243; _module_preset=&#8221;default&#8221; global_colors_info=&#8221;{}&#8221;][\/et_pb_image][\/et_pb_column][\/et_pb_row][\/et_pb_section][et_pb_section fb_built=&#8221;1&#8243; _builder_version=&#8221;4.23.1&#8243; _module_preset=&#8221;default&#8221; background_color=&#8221;#F15C5B&#8221; custom_margin=&#8221;0px||0px||false|false&#8221; custom_padding=&#8221;0px||0px||false|false&#8221; global_colors_info=&#8221;{}&#8221;][et_pb_row _builder_version=&#8221;4.23.1&#8243; _module_preset=&#8221;default&#8221; global_colors_info=&#8221;{}&#8221;][et_pb_column type=&#8221;4_4&#8243; _builder_version=&#8221;4.23.1&#8243; _module_preset=&#8221;default&#8221; global_colors_info=&#8221;{}&#8221;][et_pb_text _builder_version=&#8221;4.23.1&#8243; _module_preset=&#8221;default&#8221; text_font_size=&#8221;16px&#8221; global_colors_info=&#8221;{}&#8221; text_font_size_phone=&#8221;13px&#8221; text_font_size_last_edited=&#8221;on|phone&#8221; text_text_color=&#8221;#FFFFFF&#8221; hover_enabled=&#8221;0&#8243; sticky_enabled=&#8221;0&#8243; text_font_size_tablet=&#8221;16px&#8221;]<\/p>\n<p>Je\u015bli kiedykolwiek czu\u0142e\u015b, \u017ce jest w Tobie wi\u0119cej, ni\u017c to, co robisz na co dzie\u0144 \u2013<span>\u00a0<\/span><strong>ta ksi\u0105\u017cka jest dla Ciebie.<\/strong><\/p>\n<p><strong>W ksi\u0105\u017cce znajdziesz inspiracje i konkretne strategie dotycz\u0105ce:<\/strong><\/p>\n<ol>\n<li>Jak znale\u017a\u0107 swoj\u0105 pasj\u0119, rozwin\u0105\u0107 talent i sprawi\u0107, by \u015bwiat o nim us\u0142ysza\u0142?<\/li>\n<li>Jak zarz\u0105dza\u0107 energi\u0105, by nie wypali\u0107 si\u0119 na starcie?<\/li>\n<li>Jak budowa\u0107 \u017cycie pe\u0142ne pasji wok\u00f3\u0142 tego, co naprawd\u0119 Ci\u0119 ekscytuje?<\/li>\n<li>Jak wykorzysta\u0107 pasj\u0119 do osi\u0105gni\u0119cia sukcesu w \u017cyciu, pracy i biznesie?<\/li>\n<li>Jak u\u017cywa\u0107 Pasji w Przyw\u00f3dztwie?<\/li>\n<\/ol>\n<p>[\/et_pb_text][\/et_pb_column][\/et_pb_row][\/et_pb_section][et_pb_section fb_built=&#8221;1&#8243; theme_builder_area=&#8221;post_content&#8221; specialty=&#8221;on&#8221; _builder_version=&#8221;4.23.1&#8243; _module_preset=&#8221;default&#8221;][et_pb_column type=&#8221;1_2&#8243; specialty_columns=&#8221;2&#8243; theme_builder_area=&#8221;post_content&#8221;][et_pb_row_inner make_equal=&#8221;on&#8221; _builder_version=&#8221;4.23.1&#8243; _module_preset=&#8221;default&#8221; custom_padding=&#8221;0px||0px||true|false&#8221; global_colors_info=&#8221;{}&#8221; theme_builder_area=&#8221;post_content&#8221;][et_pb_column_inner _builder_version=&#8221;4.23.1&#8243; _module_preset=&#8221;default&#8221; global_colors_info=&#8221;{}&#8221; saved_specialty_column_type=&#8221;1_2&#8243; theme_builder_area=&#8221;post_content&#8221;][et_pb_text _builder_version=&#8221;4.23.1&#8243; _module_preset=&#8221;default&#8221; text_font_size=&#8221;16px&#8221; global_colors_info=&#8221;{}&#8221; theme_builder_area=&#8221;post_content&#8221; text_font_size_phone=&#8221;13px&#8221; text_font_size_last_edited=&#8221;on|phone&#8221; text_font_size_tablet=&#8221;16px&#8221;]<\/p>\n<p><strong>Dla Pa\u0144stwa wygody przygotowali\u015bmy:<\/strong><br \/>ksi\u0105\u017ck\u0119, e-book i audiobook, wybierz opcj\u0119 najlepsz\u0105 dla siebie!<\/p>\n<p><strong>Oferta dla firm i organizacji, dla pracownik\u00f3w:<\/strong><\/p>\n<p>1. Ksi\u0105\u017cka Papierowa<br \/>2. Warsztat: \u00a0Pasja \u2013 si\u0142a nap\u0119dowa \u017cycia i sukcesu<br \/>3. Wyst\u0105pienie inspiruj\u0105ce nt. Pasji dla grup np. pracownik\u00f3w, klient\u00f3w, stowarzysze\u0144, organizacji zawodowych, na konferencje i kongresy.<\/p>\n<ul>\n<li><strong>WYSY\u0141KA KSI\u0104\u017bKI JU\u017b TERAZ, A PAKIET\u00d3W OD 25 MARCA 2025!<\/strong><\/li>\n<\/ul>\n<p>W przedsprzeda\u017cy ksi\u0105\u017cki z autografem Maria Dziewior<\/p>\n<p>[\/et_pb_text][\/et_pb_column_inner][\/et_pb_row_inner][et_pb_row_inner _builder_version=&#8221;4.23.1&#8243; _module_preset=&#8221;default&#8221; theme_builder_area=&#8221;post_content&#8221;][et_pb_column_inner saved_specialty_column_type=&#8221;1_2&#8243; _builder_version=&#8221;4.23.1&#8243; _module_preset=&#8221;default&#8221; theme_builder_area=&#8221;post_content&#8221;][et_pb_wc_price _builder_version=&#8221;4.23.1&#8243; _module_preset=&#8221;default&#8221; theme_builder_area=&#8221;post_content&#8221; product=&#8221;258&#8243; body_text_color=&#8221;#097752&#8243; body_font_size=&#8221;27px&#8221; text_orientation=&#8221;center&#8221; hover_enabled=&#8221;0&#8243; sticky_enabled=&#8221;0&#8243;][\/et_pb_wc_price][et_pb_wc_add_to_cart _builder_version=&#8221;4.23.1&#8243; _module_preset=&#8221;default&#8221; product=&#8221;258&#8243; show_quantity=&#8221;off&#8221; show_stock=&#8221;off&#8221; custom_button=&#8221;on&#8221; button_bg_color=&#8221;#bdd748&#8243; button_bg_enable_color=&#8221;on&#8221; button_text_color=&#8221;#FFFFFF&#8221; hover_enabled=&#8221;0&#8243; sticky_enabled=&#8221;0&#8243; text_orientation=&#8221;center&#8221; theme_builder_area=&#8221;post_content&#8221;][\/et_pb_wc_add_to_cart][\/et_pb_column_inner][\/et_pb_row_inner][\/et_pb_column][et_pb_column type=&#8221;1_2&#8243; theme_builder_area=&#8221;post_content&#8221;][et_pb_image src=&#8221;https:\/\/heurekamd.pl\/wp-content\/uploads\/2025\/03\/Mockup_Pasja_1_MD-1.png&#8221; title_text=&#8221;Mockup_Pasja_1_MD (1)&#8221; _builder_version=&#8221;4.23.1&#8243; _module_preset=&#8221;default&#8221; max_height=&#8221;450px&#8221; hover_enabled=&#8221;0&#8243; global_colors_info=&#8221;{}&#8221; theme_builder_area=&#8221;post_content&#8221; align=&#8221;center&#8221; sticky_enabled=&#8221;0&#8243;][\/et_pb_image][\/et_pb_column][\/et_pb_section][et_pb_section fb_built=&#8221;1&#8243; _builder_version=&#8221;4.23.1&#8243; _module_preset=&#8221;default&#8221; global_colors_info=&#8221;{}&#8221;][et_pb_row _builder_version=&#8221;4.23.1&#8243; _module_preset=&#8221;default&#8221; global_colors_info=&#8221;{}&#8221;][et_pb_column type=&#8221;4_4&#8243; _builder_version=&#8221;4.23.1&#8243; _module_preset=&#8221;default&#8221; global_colors_info=&#8221;{}&#8221;][et_pb_text _builder_version=&#8221;4.23.1&#8243; _module_preset=&#8221;default&#8221; header_2_font=&#8221;|700|||||||&#8221; header_2_font_size=&#8221;35px&#8221; global_colors_info=&#8221;{}&#8221;]<\/p>\n<h2>Dlaczego warto przeczyta\u0107?<\/h2>\n<p>[\/et_pb_text][\/et_pb_column][\/et_pb_row][et_pb_row column_structure=&#8221;1_2,1_2&#8243; _builder_version=&#8221;4.23.1&#8243; _module_preset=&#8221;default&#8221; global_colors_info=&#8221;{}&#8221;][et_pb_column type=&#8221;1_2&#8243; _builder_version=&#8221;4.23.1&#8243; _module_preset=&#8221;default&#8221; global_colors_info=&#8221;{}&#8221;][et_pb_text _builder_version=&#8221;4.23.1&#8243; _module_preset=&#8221;default&#8221; text_font_size=&#8221;16px&#8221; global_colors_info=&#8221;{}&#8221; text_font_size_phone=&#8221;13px&#8221; text_font_size_last_edited=&#8221;on|phone&#8221; text_font_size_tablet=&#8221;16px&#8221;]<\/p>\n<p>To nie jest ksi\u0105\u017cka o tym, \u201eco mo\u017cesz zrobi\u0107\u201d \u2013<span>\u00a0<\/span><strong>to ksi\u0105\u017cka o tym, jak to zrobi\u0107.<br \/>Realne historie ludzi, kt\u00f3rzy zaczynali od zera<\/strong><span>\u00a0<\/span>\u2013 i dzi\u015b inspiruj\u0105 tysi\u0105ce innych. Nie ma jednej drogi do sukcesu<strong><span>\u00a0<\/span>\u2013 ale s\u0105 zasady, kt\u00f3re dzia\u0142aj\u0105 zawsze<\/strong>.<\/p>\n<p>Czytaj\u0105c \u201ePASJ\u0118\u201d, poczujesz, jak<span>\u00a0<\/span><strong>energia ludzi, kt\u00f3rzy odwa\u017cyli si\u0119 spe\u0142nia\u0107 swoje marzenia, zaczyna przenika\u0107 do Twojego \u015bwiata<\/strong>. Zrozumiesz, dlaczego niekt\u00f3rzy id\u0105 przez \u017cycie z b\u0142yskiem w oku i nie zatrzymuj\u0105 si\u0119, a\u017c osi\u0105gn\u0105 swoje cele \u2013 i jak Ty mo\u017cesz do nich do\u0142\u0105czy\u0107.<\/p>\n<p>To nie tylko inspiracja. To gotowy<span>\u00a0<\/span><strong>plan dzia\u0142ania<\/strong><span>\u00a0<\/span>dla tych, kt\u00f3rzy chc\u0105 wi\u0119cej od \u017cycia.<\/p>\n<p>[\/et_pb_text][\/et_pb_column][et_pb_column type=&#8221;1_2&#8243; _builder_version=&#8221;4.23.1&#8243; _module_preset=&#8221;default&#8221; global_colors_info=&#8221;{}&#8221;][et_pb_text _builder_version=&#8221;4.23.1&#8243; _module_preset=&#8221;default&#8221; text_font_size=&#8221;16px&#8221; global_colors_info=&#8221;{}&#8221; text_font_size_phone=&#8221;13px&#8221; text_font_size_last_edited=&#8221;on|phone&#8221; text_font_size_tablet=&#8221;16px&#8221;]<\/p>\n<ul>\n<li class=\"bde-icon-list__item-wrapper\"><span class=\"bde-icon-list__text\">Jak odnale\u017a\u0107 pasj\u0119 i przeku\u0107 j\u0105 w si\u0142\u0119 nap\u0119dow\u0105 \u2013 niezale\u017cnie od wieku, do\u015bwiadczenia i tego, w jakim miejscu jeste\u015b dzi\u015b<\/span><\/li>\n<li class=\"bde-icon-list__item-wrapper\"><span class=\"bde-icon-list__text\">Jak sprawi\u0107, by pasja nie by\u0142a tylko hobby, ale realnym fundamentem Twojego sukcesu<\/span><\/li>\n<li class=\"bde-icon-list__item-wrapper\"><span class=\"bde-icon-list__text\">Jak zmienia\u0107 marzenia w cele, a cele w dzia\u0142ania, kt\u00f3re naprawd\u0119 prowadz\u0105 do rezultat\u00f3w<\/span><\/li>\n<li>\n<div class=\"bde-icon-list__item-wrapper\"><span class=\"bde-icon-list__text\">Jak pasjonaci staj\u0105 si\u0119 liderami, mentorami i inspiracj\u0105 dla innych \u2013 bez wzgl\u0119du na bran\u017c\u0119 i dziedzin\u0119 \u017cycia.<\/span><\/div>\n<\/li>\n<li>\n<div class=\"bde-icon-list__item-wrapper\"><span class=\"bde-icon-list__text\">Jak nauczy\u0107 si\u0119 my\u015blenia i podejmowania decyzji jak ludzie sukcesu \u2013 tak, by Tw\u00f3j wewn\u0119trzny ogie\u0144 nie sp\u0142on\u0105\u0142 w codziennej rutynie.<\/span><span class=\"bde-icon-list__text\"><\/span><\/div>\n<\/li>\n<\/ul>\n<p>[\/et_pb_text][\/et_pb_column][\/et_pb_row][\/et_pb_section][et_pb_section fb_built=&#8221;1&#8243; theme_builder_area=&#8221;post_content&#8221; _builder_version=&#8221;4.23.1&#8243; _module_preset=&#8221;default&#8221; use_background_color_gradient=&#8221;on&#8221; background_color_gradient_stops=&#8221;#bdd748 10%|#ffffff 10%&#8221; hover_enabled=&#8221;0&#8243; sticky_enabled=&#8221;0&#8243; border_width_bottom=&#8221;10px&#8221; border_color_bottom=&#8221;#bdd748&#8243;][et_pb_row _builder_version=&#8221;4.23.1&#8243; _module_preset=&#8221;default&#8221; theme_builder_area=&#8221;post_content&#8221;][et_pb_column _builder_version=&#8221;4.23.1&#8243; _module_preset=&#8221;default&#8221; type=&#8221;4_4&#8243; theme_builder_area=&#8221;post_content&#8221;][et_pb_shop _builder_version=&#8221;4.23.1&#8243; _module_preset=&#8221;default&#8221; theme_builder_area=&#8221;post_content&#8221; show_rating=&#8221;off&#8221; hover_enabled=&#8221;0&#8243; sticky_enabled=&#8221;0&#8243;][\/et_pb_shop][\/et_pb_column][\/et_pb_row][\/et_pb_section][et_pb_section fb_built=&#8221;1&#8243; theme_builder_area=&#8221;post_content&#8221; _builder_version=&#8221;4.23.1&#8243; _module_preset=&#8221;default&#8221;][et_pb_row _builder_version=&#8221;4.23.1&#8243; _module_preset=&#8221;default&#8221; column_structure=&#8221;2_5,3_5&#8243; theme_builder_area=&#8221;post_content&#8221;][et_pb_column _builder_version=&#8221;4.23.1&#8243; _module_preset=&#8221;default&#8221; type=&#8221;2_5&#8243; theme_builder_area=&#8221;post_content&#8221;][et_pb_image src=&#8221;https:\/\/heurekamd.pl\/wp-content\/uploads\/2025\/03\/Marysia-Dziewior.png&#8221; _builder_version=&#8221;4.23.1&#8243; _module_preset=&#8221;default&#8221; theme_builder_area=&#8221;post_content&#8221; title_text=&#8221;Marysia Dziewior&#8221; hover_enabled=&#8221;0&#8243; sticky_enabled=&#8221;0&#8243;][\/et_pb_image][\/et_pb_column][et_pb_column _builder_version=&#8221;4.23.1&#8243; _module_preset=&#8221;default&#8221; type=&#8221;3_5&#8243; theme_builder_area=&#8221;post_content&#8221;][et_pb_text _builder_version=&#8221;4.23.1&#8243; _module_preset=&#8221;default&#8221; theme_builder_area=&#8221;post_content&#8221; header_2_font_size=&#8221;30px&#8221; header_2_font=&#8221;|600|||||||&#8221; hover_enabled=&#8221;0&#8243; sticky_enabled=&#8221;0&#8243;]<\/p>\n<h2>Maria Dziewior<\/h2>\n<p>[\/et_pb_text][et_pb_text _builder_version=&#8221;4.23.1&#8243; _module_preset=&#8221;default&#8221; theme_builder_area=&#8221;post_content&#8221; hover_enabled=&#8221;0&#8243; sticky_enabled=&#8221;0&#8243; text_font_size_last_edited=&#8221;on|phone&#8221; text_font_size_phone=&#8221;12px&#8221;]<\/p>\n<p style=\"font-weight: 400;\">Nazywam si\u0119 Maria Dziewior i jestem lektorem angielskiego oraz \u0142amaczem strachu przed m\u00f3wieniem w tym j\u0119zyku. Moje \u017cycie zawodowe to nieustanne \u0142\u0105czenie pasji do nauczania z do\u015bwiadczeniem, kt\u00f3re zdoby\u0142am mieszkaj\u0105c w r\u00f3\u017cnych krajach. Ka\u017cdy z nich wni\u00f3s\u0142 co\u015b wyj\u0105tkowego do mojego podej\u015bcia do nauki j\u0119zyka angielskiego i spotka\u0144 z dzie\u0107mi oraz m\u0142odzie\u017c\u0105.<\/p>\n<p style=\"font-weight: 400;\">Dzi\u0119ki dwudziestoletniemu do\u015bwiadczeniu wiem, jak wa\u017cne jest pozostawanie na bie\u017c\u0105co i otwartym na nowe metody, kt\u00f3re przynosi ka\u017cdy kolejny rok. W Londynie odkry\u0142am fascynacj\u0119 sesjami badawczymi. Chocia\u017c rodzice moich kursant\u00f3w najcz\u0119\u015bciej oczekuj\u0105 ode mnie efektywnego nauczania j\u0119zyka, powoli zaczynam wdra\u017ca\u0107 te innowacyjne metody r\u00f3wnie\u017c w Polsce, gdzie s\u0105 one wci\u0105\u017c ma\u0142o popularne.<\/p>\n<p style=\"font-weight: 400;\">Moje podr\u00f3\u017ce sta\u0142y si\u0119 inspiracj\u0105 do organizowania warsztat\u00f3w podr\u00f3\u017cniczych dla dzieci i m\u0142odzie\u017cy, gdzie opowiadam o kulturach \u015bwiata i dziel\u0119 si\u0119 swoimi do\u015bwiadczeniami. Wszystkie trzy moje pasje \u2013 pokazywanie \u015bwiata w konwersacjach po angielsku, pokazywanie \u015bwiata poprzez sesje badawcze, czyli<span>\u00a0<\/span><em>Treasure Basket<\/em><span>\u00a0<\/span>oraz<span>\u00a0<\/span><em>Heuristic Play<\/em><span>\u00a0<\/span>i pokazywanie \u015bwiata poprzez podr\u00f3\u017ce \u2013 \u0142\u0105cz\u0119 w projekcie<span>\u00a0<\/span><span>Heureka<\/span>. Daje mi on ogromn\u0105 satysfakcj\u0119, pozwalaj\u0105c \u0142\u0105czy\u0107 mi\u0142o\u015b\u0107 do j\u0119zyka angielskiego z kreatywnym podej\u015bciem do nauki.<\/p>\n<p>[\/et_pb_text][\/et_pb_column][\/et_pb_row][\/et_pb_section]<\/p>\n","protected":false},"excerpt":{"rendered":"<p>PASJA &#8211; praca zbiorowa Maria Dziewior Heurystyczna gra \u017cycia, czyli jak klamerk\u0105 spi\u0105\u0107 swoje pasje?&#8221;Pasja&#8221; ju\u017c 25.03.2025! Zam\u00f3w przedpremierowo ze zni\u017ck\u0105!Wszystkie zam\u00f3wienia z\u0142o\u017cone przed premier\u0105 s\u0105 obj\u0119te specjaln\u0105 zni\u017ck\u0105! &#x1f680;&#x1f4d6;Wysy\u0142ka rozpocznie si\u0119 po 25 marca 2025 \u2013 zam\u00f3w ju\u017c teraz i b\u0105d\u017a w\u015br\u00f3d pierwszych, kt\u00f3rzy otrzymaj\u0105 ksi\u0105\u017ck\u0119!Odkryj si\u0142\u0119 PASJICzy wiesz, co naprawd\u0119 Ci\u0119 nap\u0119dza? Co [&hellip;]<\/p>\n","protected":false},"author":1,"featured_media":0,"parent":0,"menu_order":0,"comment_status":"closed","ping_status":"closed","template":"","meta":{"_et_pb_use_builder":"on","_et_pb_old_content":"","_et_gb_content_width":"","footnotes":""},"class_list":["post-191","page","type-page","status-publish","hentry"],"jetpack_sharing_enabled":true,"_links":{"self":[{"href":"https:\/\/heurekamd.pl\/index.php?rest_route=\/wp\/v2\/pages\/191","targetHints":{"allow":["GET"]}}],"collection":[{"href":"https:\/\/heurekamd.pl\/index.php?rest_route=\/wp\/v2\/pages"}],"about":[{"href":"https:\/\/heurekamd.pl\/index.php?rest_route=\/wp\/v2\/types\/page"}],"author":[{"embeddable":true,"href":"https:\/\/heurekamd.pl\/index.php?rest_route=\/wp\/v2\/users\/1"}],"replies":[{"embeddable":true,"href":"https:\/\/heurekamd.pl\/index.php?rest_route=%2Fwp%2Fv2%2Fcomments&post=191"}],"version-history":[{"count":8,"href":"https:\/\/heurekamd.pl\/index.php?rest_route=\/wp\/v2\/pages\/191\/revisions"}],"predecessor-version":[{"id":273,"href":"https:\/\/heurekamd.pl\/index.php?rest_route=\/wp\/v2\/pages\/191\/revisions\/273"}],"wp:attachment":[{"href":"https:\/\/heurekamd.pl\/index.php?rest_route=%2Fwp%2Fv2%2Fmedia&parent=191"}],"curies":[{"name":"wp","href":"https:\/\/api.w.org\/{rel}","templated":true}]}}