{"id":258,"date":"2025-03-22T08:36:41","date_gmt":"2025-03-22T08:36:41","guid":{"rendered":"https:\/\/heurekamd.pl\/?post_type=product&#038;p=258"},"modified":"2025-04-03T07:47:37","modified_gmt":"2025-04-03T07:47:37","slug":"pasja-ksiazka","status":"publish","type":"product","link":"https:\/\/heurekamd.pl\/?product=pasja-ksiazka","title":{"rendered":"PASJA &#8211; ksi\u0105\u017cka"},"content":{"rendered":"<p>Je\u015bli kiedykolwiek czu\u0142e\u015b, \u017ce jest w Tobie wi\u0119cej, ni\u017c to, co robisz na co dzie\u0144 \u2013\u00a0<strong>ta ksi\u0105\u017cka jest dla Ciebie.<\/strong><\/p>\n<p><strong>W ksi\u0105\u017cce znajdziesz inspiracje i konkretne strategie dotycz\u0105ce:<\/strong><\/p>\n<ol>\n<li>Jak znale\u017a\u0107 swoj\u0105 pasj\u0119, rozwin\u0105\u0107 talent i sprawi\u0107, by \u015bwiat o nim us\u0142ysza\u0142?<\/li>\n<li>Jak zarz\u0105dza\u0107 energi\u0105, by nie wypali\u0107 si\u0119 na starcie?<\/li>\n<li>Jak budowa\u0107 \u017cycie pe\u0142ne pasji wok\u00f3\u0142 tego, co naprawd\u0119 Ci\u0119 ekscytuje?<\/li>\n<li>Jak wykorzysta\u0107 pasj\u0119 do osi\u0105gni\u0119cia sukcesu w \u017cyciu, pracy i biznesie?<\/li>\n<li>Jak u\u017cywa\u0107 Pasji w Przyw\u00f3dztwie?<\/li>\n<\/ol>\n","protected":false},"excerpt":{"rendered":"<div class=\"et_pb_module et_pb_text et_pb_text_3  et_pb_text_align_left et_pb_bg_layout_light\">\n<div class=\"et_pb_text_inner\">\n<h2>Odkryj si\u0142\u0119 PASJI<\/h2>\n<\/div>\n<\/div>\n<div class=\"et_pb_module et_pb_text et_pb_text_4  et_pb_text_align_left et_pb_bg_layout_light\">\n<div class=\"et_pb_text_inner\">\n<p>Czy wiesz, co naprawd\u0119 Ci\u0119 nap\u0119dza? Co sprawia, \u017ce zapominasz o up\u0142ywie czasu, \u017ce czujesz ekscytacj\u0119 na my\u015bl o dzia\u0142aniu? Pasja, to ona oddziela tych, kt\u00f3rzy snuj\u0105 marzenia, od tych, kt\u00f3rzy codziennie je realizuj\u0105.<\/p>\n<p><strong>\u201ePASJA\u201d<\/strong>\u00a0to niezwyk\u0142a ksi\u0105\u017cka dla ludzi z iskr\u0105 w sercu. Dla tych, kt\u00f3rzy nie chc\u0105 prze\u017cy\u0107 \u017cycia na p\u00f3\u0142 gwizdka.\u00a0<strong>Brian Tracy, Maria Dziewior, Sebastian Kotow, i 26 autor\u00f3w<\/strong>\u00a0\u2013 ekspert\u00f3w, przedsi\u0119biorc\u00f3w, lider\u00f3w, pasjonat\u00f3w \u2013 dzieli si\u0119 swoj\u0105 drog\u0105, b\u0142\u0119dami, sukcesami i strategiami, kt\u00f3re pomog\u0142y im przeku\u0107 pasj\u0119 w rzeczywisto\u015b\u0107.<\/p>\n<\/div>\n<\/div>\n","protected":false},"featured_media":250,"template":"","meta":{"_et_pb_use_builder":"","_et_pb_old_content":"","_et_gb_content_width":""},"product_brand":[],"product_cat":[24],"product_tag":[],"class_list":{"0":"post-258","1":"product","2":"type-product","3":"status-publish","4":"has-post-thumbnail","6":"product_cat-bez-kategorii","8":"first","9":"instock","10":"taxable","11":"shipping-taxable","12":"purchasable","13":"product-type-simple"},"jetpack_sharing_enabled":true,"_links":{"self":[{"href":"https:\/\/heurekamd.pl\/index.php?rest_route=\/wp\/v2\/product\/258","targetHints":{"allow":["GET"]}}],"collection":[{"href":"https:\/\/heurekamd.pl\/index.php?rest_route=\/wp\/v2\/product"}],"about":[{"href":"https:\/\/heurekamd.pl\/index.php?rest_route=\/wp\/v2\/types\/product"}],"wp:featuredmedia":[{"embeddable":true,"href":"https:\/\/heurekamd.pl\/index.php?rest_route=\/wp\/v2\/media\/250"}],"wp:attachment":[{"href":"https:\/\/heurekamd.pl\/index.php?rest_route=%2Fwp%2Fv2%2Fmedia&parent=258"}],"wp:term":[{"taxonomy":"product_brand","embeddable":true,"href":"https:\/\/heurekamd.pl\/index.php?rest_route=%2Fwp%2Fv2%2Fproduct_brand&post=258"},{"taxonomy":"product_cat","embeddable":true,"href":"https:\/\/heurekamd.pl\/index.php?rest_route=%2Fwp%2Fv2%2Fproduct_cat&post=258"},{"taxonomy":"product_tag","embeddable":true,"href":"https:\/\/heurekamd.pl\/index.php?rest_route=%2Fwp%2Fv2%2Fproduct_tag&post=258"}],"curies":[{"name":"wp","href":"https:\/\/api.w.org\/{rel}","templated":true}]}}